
{"id":203,"date":"2011-09-14T09:45:02","date_gmt":"2011-09-14T09:45:02","guid":{"rendered":"http:\/\/duewelsputzservice.de\/dps\/"},"modified":"2019-10-10T17:04:06","modified_gmt":"2019-10-10T15:04:06","slug":"home","status":"publish","type":"page","link":"https:\/\/duewelsputzservice.de\/dps\/","title":{"rendered":"Home"},"content":{"rendered":"<div class=\"row \">\n<div class=\"span4 \"><div class=\"banner-wrap home-bnr\"><figure class=\"featured-thumbnail\"><a href=\"leistungen\/grund-und-baureinigung\/\" title=\"Grund- &amp; Bauendreinigung\"><img src=\"https:\/\/duewelsputzservice.de\/dps\/wp-content\/uploads\/2011\/09\/icon_Grund-_Bauendreinigung.png\" title=\"Grund- &amp; Bauendreinigung\" alt=\"\" \/><\/a><\/figure><h5>Grund- &amp; Bauendreinigung<\/h5><p>Wenn alle Gewerke aus dem Haus sind, f\u00e4ngt unsere Arbeit an. Beseitigung von Verschmutzungen, wie z. B. Malerspuren, Putzresten, Folien.<\/p><\/div><!-- .banner-wrap (end) --><\/div>\n<div class=\"span4 \"><div class=\"banner-wrap home-bnr\"><figure class=\"featured-thumbnail\"><a href=\"leistungen\/hausmeisterdienste\/\" title=\"Hausmeisterdienste\"><img src=\"https:\/\/duewelsputzservice.de\/dps\/wp-content\/uploads\/2011\/09\/icon_Hausmeisterdienste.png\" title=\"Hausmeisterdienste\" alt=\"\" \/><\/a><\/figure><h5>Hausmeisterdienste<\/h5><p>Wir sind Ansprechpartner f\u00fcr Mieter, k\u00fcmmern uns um Abstimmung mit Handwerkern und sorgen  rundum f\u00fcr allgemeine Hausaufsicht.<\/p><\/div><!-- .banner-wrap (end) --><\/div>\n<div class=\"span4 \"><div class=\"banner-wrap home-bnr\"><figure class=\"featured-thumbnail\"><a href=\"leistungen\/laden-und-bueroreinigung\" title=\"Laden- &amp; B\u00fcroreinigung\"><img src=\"https:\/\/duewelsputzservice.de\/dps\/wp-content\/uploads\/2011\/09\/icon_Laden-_Bueroreinigung.png\" title=\"Laden- &amp; B\u00fcroreinigung\" alt=\"\" \/><\/a><\/figure><h5>Laden- &amp; B\u00fcroreinigung<\/h5><p>Ihre Gesch\u00e4ftsr\u00e4ume sind Ihre Visitenkarte.<br \/>\nWir sorgen daf\u00fcr.<\/p><\/div><!-- .banner-wrap (end) --><\/div>\n<\/div><!-- .row (end) -->\n<div class=\"row \">\n<div class=\"span4 \"><div class=\"banner-wrap home-bnr\"><figure class=\"featured-thumbnail\"><a href=\"leistungen\/treppenreinigung\" title=\"Treppenhausreinigung\"><img src=\"https:\/\/duewelsputzservice.de\/dps\/wp-content\/uploads\/2011\/09\/icon_Treppenreinigung.png\" title=\"Treppenhausreinigung\" alt=\"\" \/><\/a><\/figure><h5>Treppenhausreinigung<\/h5><p>Ihr Objekt wird immer von derselben Person betreut. Sie bringt das GANZE Treppenhaus zum Strahlen.<\/p><\/div><!-- .banner-wrap (end) --><\/div>\n<div class=\"span4 \"><div class=\"banner-wrap home-bnr\"><figure class=\"featured-thumbnail\"><a href=\"leistungen\/sonstiges\" title=\"Sonstiges\"><img src=\"https:\/\/duewelsputzservice.de\/dps\/wp-content\/uploads\/2011\/09\/icon_Sonstiges.png\" title=\"Sonstiges\" alt=\"\" \/><\/a><\/figure><h5>Sonstiges<\/h5><p>Sie haben zus\u00e4tzliche W\u00fcnsche.<br \/>\nGerne entwickeln wir ein Konzept.<\/p><\/div><!-- .banner-wrap (end) --><\/div>\n<\/div><!-- .row (end) -->\n<p>&nbsp;<\/p>\n<p>&nbsp;<\/p>\n","protected":false},"excerpt":{"rendered":"&nbsp; &nbsp;","protected":false},"author":1,"featured_media":0,"parent":0,"menu_order":0,"comment_status":"open","ping_status":"closed","template":"page-home.php","meta":[],"_links":{"self":[{"href":"https:\/\/duewelsputzservice.de\/dps\/wp-json\/wp\/v2\/pages\/203"}],"collection":[{"href":"https:\/\/duewelsputzservice.de\/dps\/wp-json\/wp\/v2\/pages"}],"about":[{"href":"https:\/\/duewelsputzservice.de\/dps\/wp-json\/wp\/v2\/types\/page"}],"author":[{"embeddable":true,"href":"https:\/\/duewelsputzservice.de\/dps\/wp-json\/wp\/v2\/users\/1"}],"replies":[{"embeddable":true,"href":"https:\/\/duewelsputzservice.de\/dps\/wp-json\/wp\/v2\/comments?post=203"}],"version-history":[{"count":14,"href":"https:\/\/duewelsputzservice.de\/dps\/wp-json\/wp\/v2\/pages\/203\/revisions"}],"predecessor-version":[{"id":2190,"href":"https:\/\/duewelsputzservice.de\/dps\/wp-json\/wp\/v2\/pages\/203\/revisions\/2190"}],"wp:attachment":[{"href":"https:\/\/duewelsputzservice.de\/dps\/wp-json\/wp\/v2\/media?parent=203"}],"curies":[{"name":"wp","href":"https:\/\/api.w.org\/{rel}","templated":true}]}}